{"id":2,"date":"2024-06-23T17:55:45","date_gmt":"2024-06-23T16:55:45","guid":{"rendered":"https:\/\/sainte-anne.house\/?page_id=2"},"modified":"2025-07-20T10:24:39","modified_gmt":"2025-07-20T09:24:39","slug":"home","status":"publish","type":"page","link":"https:\/\/chateausainteanne.com\/","title":{"rendered":"Welcome to Ch\u00e2teau Sainte Anne"},"content":{"rendered":"\n<p>Dear Guests,<\/p>\n\n\n\n<p>Welcome to Ch\u00e2teau Sainte Anne, a historic estate from the 17th century. Nestled in the picturesque town of Ciboure, it has been meticulously restored to preserve its original charm while offering modern amenities. <\/p>\n\n\n\n<p>Should you have any questions during your stay, please use the contact form at the bottom of this page.<\/p>\n\n\n\n<h3 class=\"wp-block-heading\">\ud83d\udedc WiFi:<\/h3>\n\n\n\n<p>We have provided fast, free Wi-Fi throughout the property to ensure your stay is as comfortable as possible.<\/p>\n\n\n\n<p>To connect, select the <strong>Ch\u00e2teau Santa Anna<\/strong> network.<br>The password is <strong>santa-anna<\/strong> (all lower case with a dash between the words)<\/p>\n\n\n\n<p>A QR code at the main entrance will connect you instantly.<\/p>\n\n\n\n<p>Wi-Fi repeaters are placed around the property, clearly marked for your convenience. <\/p>\n\n\n\n<p>Please do not remove them. Wi-Fi is available both inside and outside, including the pool area.<\/p>\n\n\n\n<h3 class=\"wp-block-heading\">\ud83d\udd0c Charging points:<\/h3>\n\n\n\n<p>We have installed device charging points in each bedroom, with USB-A and USB-C outlets.<\/p>\n\n\n\n<p>Please do not remove these from the bedroom as they are provided for the convenience of all our guests.<\/p>\n\n\n\n<p>There is a charging station at the main entrance closest to the door with cables for Android and iPhone. Please do not remove these cables.<\/p>\n\n\n\n<h3 class=\"wp-block-heading\">\u2705 Check-in and Check-out:<\/h3>\n\n\n\n<ul class=\"wp-block-list\">\n<li><strong>Check-in:<\/strong>&nbsp;16:30 hrs<\/li>\n\n\n\n<li><strong>Check-out:<\/strong>&nbsp;10:00 hrs<\/li>\n<\/ul>\n\n\n\n<h3 class=\"wp-block-heading\">\ud83d\udea6 House Rules:<\/h3>\n\n\n\n<ul class=\"wp-block-list\">\n<li><strong>No Smoking:<\/strong>&nbsp;Smoking is not permitted inside the Ch\u00e2teau.<\/li>\n\n\n\n<li><strong>No Pets:<\/strong>&nbsp;Pets are not allowed.<\/li>\n\n\n\n<li><strong>Quiet Hours:<\/strong>&nbsp;Please respect our neighbours and keep noise to a minimum after 23:00.<\/li>\n\n\n\n<li><strong>Security:<\/strong>&nbsp;Ensure all doors and windows are locked when you leave the property.<\/li>\n\n\n\n<li><strong>Garbage:<\/strong>&nbsp;Please dispose of garbage in the bins provided and follow the instructions below.<\/li>\n<\/ul>\n\n\n\n<h3 class=\"wp-block-heading\">\ud83d\udec0 Amenities:<\/h3>\n\n\n\n<ul class=\"wp-block-list\">\n<li><strong>Hot Water:<\/strong>&nbsp;There is plenty of hot water. However, if you choose to take long showers, please consider your fellow guests might experience lukewarm water.<br><\/li>\n\n\n\n<li><strong>Kitchen and Laundry Room:<\/strong>&nbsp;Located on the first (ground) floor, you will find a washing machine, dryer, iron, and ironing board.<br><\/li>\n\n\n\n<li>White towels are provided in each room for showering, and coloured towels for the pool. If any extra linen is required, please contact the housekeeper using the form at the bottom of this page.<\/li>\n<\/ul>\n\n\n\n<h3 class=\"wp-block-heading\">\ud83c\udfca Pool Area Rules:<\/h3>\n\n\n\n<ul class=\"wp-block-list\">\n<li><strong>Pool Cover<\/strong>: Please ensure the pool cover is closed every night. This helps to maintain the pool&#8217;s heat and prevents wildlife from falling in.<\/li>\n\n\n\n<li><strong>Pool Cleaning Robot<\/strong>: A robot cleans The pool automatically twice a day. Please do not remove the robot from the pool.<\/li>\n\n\n\n<li><strong>Pool Cushions<\/strong>: When not in use, please return the pool cushions to the pool house. This will protect them from damage due to rain.<\/li>\n\n\n\n<li><strong>Umbrellas<\/strong>: To prevent damage from strong winds, please ensure that umbrellas are not left open when not in use.<\/li>\n\n\n\n<li><strong>Pool House Shutters<\/strong>: The pool house has electric shutters. Please make sure they are closed every night. The switches are immediately inside the pool house and the main door has a key switch on the outside.<\/li>\n\n\n\n<li><strong>Maintenance Visits<\/strong>: During your stay, you may meet the weekly pool maintenance man or the gardeners. Due to the weather, we are unable to give you exact times or days for these visits. Thank you for your understanding.<\/li>\n<\/ul>\n\n\n\n<h3 class=\"wp-block-heading\">\ud83d\udd25 Fire Safety:<\/h3>\n\n\n\n<ul class=\"wp-block-list\">\n<li><strong>Fire Extinguishers:<\/strong>&nbsp;Located throughout the property.<\/li>\n\n\n\n<li><strong>Staircases:<\/strong>&nbsp;The main staircases are located at the western and eastern ends of the property.<\/li>\n<\/ul>\n\n\n\n<h3 class=\"wp-block-heading\">\ud83e\uddfa Laundry room:<\/h3>\n\n\n\n<p><strong>Washing Machine<\/strong><br>Keep the door and drawer for detergent open after use.<br>This helps to kill bacteria.<\/p>\n\n\n\n<p><strong>Tumble Dryer<\/strong><br>After use, please clean the filter below the container and empty the water container. Note that some water may leak on the floor from condensation. This is normal.<\/p>\n\n\n\n<p>All instructions for machines (kitchen and laundry room) are in a container on the white shelf.<\/p>\n\n\n\n<p><strong>Fridges<\/strong><br>When empty and turned off, please leave the door ajar.<\/p>\n\n\n\n<h3 class=\"wp-block-heading\">\ud83d\uddd1\ufe0f <strong>Rubbish and Recycling:<\/strong><\/h3>\n\n\n\n<p>The local authority has strict rules on separating rubbish and recycling.<\/p>\n\n\n\n<p>Yellow bags are for paper, plastic bottles, cardboard and aluminium cans.<\/p>\n\n\n\n<p>Black bags are for all other rubbish.<\/p>\n\n\n\n<p>Vegetable and fruit leftovers can be placed in the container next to the Green Lexus parked under the trees next to the house.<\/p>\n\n\n\n<p>The nearest community rubbish bins are at the edge of the property. As you leave the house, take the road to the left past the small houses. Just before the junction of the main road, you will find four rubbish bins. The two yellow ones are for yellow (recycling) bags. What3Words map: <a href=\"https:\/\/what3words.com\/touted.picturesque.salsa\" data-type=\"link\" data-id=\"https:\/\/what3words.com\/touted.picturesque.salsa\" target=\"_blank\" rel=\"noreferrer noopener\">\/\/\/<span style=\"text-decoration: underline;\">touted.picturesque.salsa<\/span><\/a><\/p>\n\n\n\n<p>For bottle recycling, head towards the supermarket; at the first roundabout, take a right, and 25 meters on the right-hand side, you will find a bottle recycling bin.<br>What3Words map: <a href=\"https:\/\/what3words.com\/prospects.smoggy.crawling\" data-type=\"link\" data-id=\"https:\/\/what3words.com\/touted.picturesque.salsa\" target=\"_blank\" rel=\"noreferrer noopener\"><span style=\"text-decoration: underline;\">\/\/\/prospects.smoggy.crawling<\/span><\/a><\/p>\n\n\n\n<p><strong>Driveway Use:<\/strong><\/p>\n\n\n\n<ul class=\"wp-block-list\">\n<li>Please use our driveway as much as possible to keep our neighbours happy. It is the long, winding road on the <span style=\"text-decoration: underline;\">right-hand side<\/span> when leaving the house.<br><\/li>\n\n\n\n<li>\u26a0\ufe0f Speed Limit: We share the driveways with local residents who have small children. Please keep your speed to a minimum when entering and leaving. <\/li>\n<\/ul>\n\n\n\n<h3 class=\"wp-block-heading\">\ud83d\ude95 Local Transportation:<\/h3>\n\n\n\n<ul class=\"wp-block-list\">\n<li><strong>Taxi:<\/strong>&nbsp;<a href=\"tel:+33559473838\" target=\"_blank\" rel=\"noreferrer noopener\">+33 559 473 83<\/a><\/li>\n<\/ul>\n\n\n\n<h3 class=\"wp-block-heading\">\ud83d\udecd\ufe0f Nearby Facilities:<\/h3>\n\n\n\n<ul class=\"wp-block-list\">\n<li><strong>Supermarket:<\/strong>&nbsp;<span style=\"text-decoration: underline;\"><a href=\"https:\/\/www.e.leclerc\/\" target=\"_blank\" rel=\"noreferrer noopener\">E.Leclerc<\/a>,<\/span> RD 810 Lieu Dit Souhara, 64122 Urrugne<br>Opening Times: Monday to Saturday: 09:00 AM &#8211; 8:00 PM, <strong>Closed on Sundays<\/strong><br>What3Words map: <a href=\"https:\/\/what3words.com\/swishes.palace.electorate\" data-type=\"link\" data-id=\"https:\/\/what3words.com\/touted.picturesque.salsa\" target=\"_blank\" rel=\"noreferrer noopener\">\/\/\/<span style=\"text-decoration: underline;\">swishes.palace.electorate<\/span><\/a><\/li>\n<\/ul>\n\n\n\n<p><\/p>\n\n\n\n<ul class=\"wp-block-list\">\n<li><strong>Pharmacy:<\/strong>&nbsp;E.Leclerc \u2013 Ciboure &amp; St Jean Du Luz<br>What3Words map:<a href=\"https:\/\/what3words.com\/filmy.instigator.ambient\"> <span style=\"text-decoration: underline;\">\/\/\/filmy.instigator.ambient<\/span><\/a><\/li>\n<\/ul>\n\n\n\n<p><\/p>\n\n\n\n<ul class=\"wp-block-list\">\n<li><strong>ATM:<\/strong>&nbsp;Ciboure \u2013 E.Leclerc<br><\/li>\n\n\n\n<li><strong>Petrol and Car Wash<\/strong> &#8211; E.Leclerc<br>What3Words map: <a href=\"https:\/\/what3words.com\/cheerio.litigate.merry\" target=\"_blank\" rel=\"noreferrer noopener\"><span style=\"text-decoration: underline;\">\/\/\/cheerio.litigate.merry<\/span><\/a><\/li>\n<\/ul>\n\n\n\n<p><\/p>\n\n\n\n<ul class=\"wp-block-list\">\n<li><strong>Post Office:<\/strong>&nbsp;Ciboure &amp; St Jean Du Luz<br>What3Words map: <a href=\"https:\/\/what3words.com\/deduction.nestled.coast\" data-type=\"link\" data-id=\"https:\/\/what3words.com\/touted.picturesque.salsa\" target=\"_blank\" rel=\"noreferrer noopener\">\/\/\/<span style=\"text-decoration: underline;\">deduction.nestled.coast<\/span><\/a><\/li>\n<\/ul>\n\n\n\n<h2 class=\"wp-block-heading\">\ud83c\udf7d\ufe0f Restaurants:<\/h2>\n\n\n\n<p>Kaiku 17 rue de la R\u00e9publique <a href=\"https:\/\/www.kaiku.fr\/\"><span style=\"text-decoration: underline;\">kaiku.fr<\/span><\/a> +33 5 59 26 13 20<br><br>Blue Cargo <a href=\"https:\/\/www.bluecargo.fr\/\" target=\"_blank\" rel=\"noreferrer noopener\"><span style=\"text-decoration: underline;\">bluecargo.fr<\/span><\/a> +33 5 59 23 54 87<\/p>\n\n\n\n<p>Kaitza in Ciboure 15 quai Maurice Ravel <a href=\"https:\/\/www.restaurant-ekaitza.fr\/\" target=\"_blank\" rel=\"noreferrer noopener\"><span style=\"text-decoration: underline;\">restaurant-ekaitza.fr<\/span><\/a> +33 5 59 51 29 51<\/p>\n\n\n\n<p>Chez Mattin, Ciboure <a href=\"https:\/\/www.chezmattin.fr\/\" target=\"_blank\" rel=\"noreferrer noopener\"><span style=\"text-decoration: underline;\">chezmattin.fr<\/span><\/a><br><br>Ostalamer 10 route de la Plage <span style=\"text-decoration: underline;\">ostalamer.com<\/span> +33 5 59 85 84 71<\/p>\n\n\n\n<p>Ubarrechena St Sebastian <span style=\"text-decoration: underline;\"><a href=\"https:\/\/ubarrechena.es\/\" target=\"_blank\" rel=\"noreferrer noopener\">ubarrechena.es<\/a><\/span> <a href=\"tel:+34 943 42 83 52\">+34 943 42 83 52<\/a><\/p>\n\n\n\n<h3 class=\"wp-block-heading\">\ud83c\udf77 <strong>Bars for fun and sunset:<\/strong><\/h3>\n\n\n\n<p>Chez Nadyne 57 Chem. de Cenitz, 64210 Gu\u00e9thary<br>What3Words map: \/\/\/<a href=\"https:\/\/what3words.com\/cotton.escapades.mooing\" target=\"_blank\" rel=\"noreferrer noopener\"><span style=\"text-decoration: underline;\">cotton.escapades.mooing<\/span><\/a><\/p>\n\n\n\n<p>Iluna Bar 50 promenade de la plage +<a href=\"tel:+33623146790\">33 6 23 14 67 90<\/a><\/p>\n\n\n\n<h3 class=\"wp-block-heading\">\ud83d\udeb4 Bike and Surf Hire:<\/h3>\n\n\n\n<p><strong><a href=\"https:\/\/charlies-surfandbike.com\/\">Charlie&#8217;s Bike and Surf and Bike<\/a> Hire <\/strong><br>7 Boulevard Thiers 64500 \u2013 Saint Jean de Luz<br>Telephone <a href=\"tel:33777375590\">+33 7 77 37 55 90<\/a><br>Website <a href=\"https:\/\/charlies-surfandbike.com\/\"><span style=\"text-decoration: underline;\">charlies-surfandbike.com<\/span><\/a><br>Great service and we personally recommend. <br>Charlie will provide delivery\/pickup from the Ch\u00e2teau.<br>What3Words map: \/\/\/<a href=\"https:\/\/what3words.com\/players.ticketed.bedposts\"><span style=\"text-decoration: underline;\">players.ticketed.bedposts<\/span><\/a><\/p>\n\n\n\n<p><\/p>\n\n\n\n<p><\/p>\n\n\n\n<h2 id=\"wp-block-themeisle-blocks-advanced-heading-bda7d981\" class=\"wp-block-themeisle-blocks-advanced-heading wp-block-themeisle-blocks-advanced-heading-bda7d981\">\ud83d\udea8 <strong>Emergency Contacts<\/strong> \ud83d\udea8<\/h2>\n\n\n\n<h3 class=\"wp-block-heading\">Police, Fire, Ambulance dial <strong><a href=\"tel:112\" data-type=\"tel\" data-id=\"tel:112\"><span style=\"text-decoration: underline;\">112<\/span><\/a><\/strong> <strong>from any mobile telephone from any country on any network.<\/strong><\/h3>\n\n\n\n<p><strong>Hospitals:<\/strong><\/p>\n\n\n\n<p>Polyclinique C\u00f4te Basque &#8211; Located at 7 Rue L\u00e9once Goyetche, this is a key healthcare facility in the area. It offers a variety of medical services and specialities.<br>Telephone +33 <a href=\"https:\/\/www.google.com\/search?q=Polyclinique+C%C3%B4te+Basque&amp;rlz=1C5CHFA_enGB933GB933&amp;oq=Polyclinique+C%C3%B4te+Basque&amp;gs_lcrp=EgZjaHJvbWUyBggAEEUYOdIBBzE5NmowajeoAgCwAgA&amp;sourceid=chrome&amp;ie=UTF-8#\">559 51 63 63<\/a><br>What3Words map: <a href=\"https:\/\/what3words.com\/dorm.snuggles.excited\" target=\"_blank\" rel=\"noreferrer noopener\">\/\/\/<span style=\"text-decoration: underline;\">dorm.snuggles.excited<\/span><\/a><\/p>\n\n\n\n<p>Centre Hospitalier de la C\u00f4te Basque (Bayonne) &#8211; While not in Saint-Jean-de-Luz itself, this hospital is about 20 km away in Bayonne and provides comprehensive medical services, including emergency care.<br>What3Words map: <a href=\"https:\/\/what3words.com\/famous.taps.dripped\">\/\/\/<\/a><span style=\"text-decoration: underline;\"><a href=\"https:\/\/what3words.com\/famous.taps.dripped\" target=\"_blank\" rel=\"noreferrer noopener\">famous.taps.dripped<\/a><\/span><\/p>\n\n\n\n<p>SOS M\u00e9decins C\u00f4te Basque: For urgent medical needs, SOS M\u00e9decins is available in Anglet, about 16 km away. You can contact them at +33 559 03 30 00 for assistance and emergency house calls.<br>What3Words map: <a href=\"https:\/\/what3words.com\/nuptials.deceiver.sculpture\">\/\/\/<span style=\"text-decoration: underline;\">nuptials.deceiver.sculpture<\/span><\/a><\/p>\n\n\n\n<p><\/p>\n\n\n\n<h3 class=\"wp-block-heading\">\ud83d\udc40 Things to Do in Ciboure and Surroundings:<\/h3>\n\n\n\n<p><strong>Market Day:<\/strong>&nbsp;Sunday<\/p>\n\n\n\n<p><strong>\u00c9glise Saint-Vincent:<\/strong>&nbsp;A beautiful church with stunning architecture.<br>What3Words map: \/\/\/<a href=\"https:\/\/what3words.com\/cans.groups.response\" target=\"_blank\" rel=\"noreferrer noopener\">\/\/\/<span style=\"text-decoration: underline;\">cans.groups.response<\/span><\/a><\/p>\n\n\n\n<p><strong>Port de Ciboure:<\/strong>&nbsp;A charming port area perfect for a leisurely stroll<br>What3Words map: <a href=\"https:\/\/what3words.com\/branched.staffers.puts\" target=\"_blank\" rel=\"noreferrer noopener\">\/\/\/<span style=\"text-decoration: underline;\">branched.staffers.puts<\/span><\/a><\/p>\n\n\n\n<p><strong>Fort Socoa:<\/strong>&nbsp;A historic fort offering picturesque views of the bay<br>What3Words map: <a href=\"https:\/\/what3words.com\/inwards.canoed.moonwalk\" target=\"_blank\" rel=\"noreferrer noopener\">\/\/\/<span style=\"text-decoration: underline;\">inwards.canoed.moonwalk<\/span><\/a><\/p>\n\n\n\n<p>For more details, visit&nbsp;<span style=\"text-decoration: underline;\"><a href=\"https:\/\/www.saint-jean-de-luz.com\/en\/\" target=\"_blank\" rel=\"noreferrer noopener\">Saint-Jean-de-Luz Tourist Information<\/a><\/span><\/p>\n\n\n\n<p>Saint-Jean-de-Luz is known for its vibrant atmosphere and traditional Basque culture. The town boasts a beautiful harbour, colourful houses, and narrow streets filled with shops, caf\u00e9s, and restaurants. It\u2019s a perfect destination for leisurely strolls, enjoying fresh seafood, and soaking up the local culture. Market Day is Monday &amp; Friday.<\/p>\n\n\n\n<p><strong>Departure Checklist:<\/strong><\/p>\n\n\n\n<ul class=\"wp-block-list\">\n<li><strong>Check-out Time:<\/strong>&nbsp;10:30<\/li>\n\n\n\n<li>Ensure all personal belongings, including chargers and cables, are removed.<\/li>\n\n\n\n<li>Dispose of all trash and recycling in the appropriate bins.<\/li>\n\n\n\n<li>Wash any used dishes and put them away.<\/li>\n\n\n\n<li>Ensure all lights and appliances are turned off.<\/li>\n\n\n\n<li>Lock all doors and windows.<\/li>\n\n\n\n<li>Return the keys to the lockbox or designated location.<\/li>\n<\/ul>\n\n\n\n<p>Thank you for choosing Ch\u00e2teau Santa Anna. We wish you safe travels and look forward to seeing you again soon.<\/p>\n\n\n\n<p><strong>Team Ch\u00e2teau Santa Anna<\/strong>.<\/p>\n\n\n\n<h4 class=\"wp-block-heading\">\u2753 For any assistance you require during your stay, please use the form below.<\/h4>\n\n\n<div class=\"wpforms-container wpforms-container-full wpforms-block wpforms-block-348ed4b3-6cab-4424-8aa9-a509f373d2d6 wpforms-render-modern\" id=\"wpforms-20\"><form id=\"wpforms-form-20\" class=\"wpforms-validate wpforms-form wpforms-ajax-form\" data-formid=\"20\" method=\"post\" enctype=\"multipart\/form-data\" action=\"\/index.php?rest_route=%2Fwp%2Fv2%2Fpages%2F2\" data-token=\"afe36cfc49e2b808aa78b02efd21eec1\" data-token-time=\"1776426080\"><noscript class=\"wpforms-error-noscript\">Please enable JavaScript in your browser to complete this form.<\/noscript><div class=\"wpforms-hidden\" id=\"wpforms-error-noscript\">Please enable JavaScript in your browser to complete this form.<\/div><div class=\"wpforms-field-container\"><div id=\"wpforms-20-field_0-container\" class=\"wpforms-field wpforms-field-name\" data-field-id=\"0\"><label class=\"wpforms-field-label\" for=\"wpforms-20-field_0\">Name <span class=\"wpforms-required-label\" aria-hidden=\"true\">*<\/span><\/label><input type=\"text\" id=\"wpforms-20-field_0\" class=\"wpforms-field-medium wpforms-field-required\" name=\"wpforms[fields][0]\" aria-errormessage=\"wpforms-20-field_0-error\" required><\/div><div id=\"wpforms-20-field_1-container\" class=\"wpforms-field wpforms-field-email\" data-field-id=\"1\"><label class=\"wpforms-field-label\" for=\"wpforms-20-field_1\">Email <span class=\"wpforms-required-label\" aria-hidden=\"true\">*<\/span><\/label><input type=\"email\" id=\"wpforms-20-field_1\" class=\"wpforms-field-medium wpforms-field-required\" name=\"wpforms[fields][1]\" spellcheck=\"false\" aria-errormessage=\"wpforms-20-field_1-error\" required><\/div><div id=\"wpforms-20-field_6-container\" class=\"wpforms-field wpforms-field-phone\" data-field-id=\"6\"><label class=\"wpforms-field-label\" for=\"wpforms-20-field_6\">Telephone <span class=\"wpforms-required-label\" aria-hidden=\"true\">*<\/span><\/label><input type=\"tel\" id=\"wpforms-20-field_6\" class=\"wpforms-field-medium wpforms-field-required\" data-rule-int-phone-field=\"true\" name=\"wpforms[fields][6]\" aria-label=\"Telephone\" aria-errormessage=\"wpforms-20-field_6-error\" required><\/div><div id=\"wpforms-20-field_3-container\" class=\"wpforms-field wpforms-field-select wpforms-field-select-style-classic\" data-field-id=\"3\"><label class=\"wpforms-field-label\" for=\"wpforms-20-field_3\">I need assistance with<\/label><select id=\"wpforms-20-field_3\" class=\"wpforms-field-medium\" name=\"wpforms[fields][3]\"><option value=\"\" class=\"placeholder\" disabled  selected='selected'>Please Select<\/option><option value=\"WiFi\" >WiFi<\/option><option value=\"Housekeeping\" >Housekeeping<\/option><option value=\"Swimming Pool\" >Swimming Pool<\/option><option value=\"Electricity\" >Electricity<\/option><option value=\"Other\" >Other<\/option><\/select><\/div><div id=\"wpforms-20-field_2-container\" class=\"wpforms-field wpforms-field-textarea\" data-field-id=\"2\"><label class=\"wpforms-field-label\" for=\"wpforms-20-field_2\">Message<\/label><textarea id=\"wpforms-20-field_2\" class=\"wpforms-field-medium\" name=\"wpforms[fields][2]\" aria-errormessage=\"wpforms-20-field_2-error\" ><\/textarea><\/div><\/div><!-- .wpforms-field-container --><div class=\"wpforms-recaptcha-container wpforms-is-turnstile\" ><div class=\"g-recaptcha\" data-sitekey=\"0x4AAAAAAAdVZCcSZFOSPfHh\" data-action=\"FormID-20\"><\/div><input type=\"text\" name=\"g-recaptcha-hidden\" class=\"wpforms-recaptcha-hidden\" style=\"position:absolute!important;clip:rect(0,0,0,0)!important;height:1px!important;width:1px!important;border:0!important;overflow:hidden!important;padding:0!important;margin:0!important;\" data-rule-turnstile=\"1\"><\/div><div class=\"wpforms-submit-container\" ><input type=\"hidden\" name=\"wpforms[id]\" value=\"20\"><input type=\"hidden\" name=\"page_title\" value=\"\"><input type=\"hidden\" name=\"page_url\" value=\"https:\/\/chateausainteanne.com\/index.php?rest_route=\/wp\/v2\/pages\/2\"><input type=\"hidden\" name=\"url_referer\" value=\"\"><button type=\"submit\" name=\"wpforms[submit]\" id=\"wpforms-submit-20\" class=\"wpforms-submit\" data-alt-text=\"Sending\u2026\" data-submit-text=\"Submit\" aria-live=\"assertive\" value=\"wpforms-submit\">Submit<\/button><img loading=\"lazy\" decoding=\"async\" src=\"https:\/\/chateausainteanne.com\/wp-content\/plugins\/wpforms\/assets\/images\/submit-spin.svg\" class=\"wpforms-submit-spinner\" style=\"display: none;\" width=\"26\" height=\"26\" alt=\"Loading\"><\/div><\/form><\/div>  <!-- .wpforms-container -->\n\n\n<p><\/p>\n","protected":false},"excerpt":{"rendered":"<p>Dear Guests, Welcome to Ch\u00e2teau Sainte Anne, a historic estate from the 17th century. Nestled in the picturesque town of Ciboure, it has been meticulously restored to preserve its original charm while offering modern amenities. Should you have any questions during your stay, please use the contact form at the bottom of this page. \ud83d\udedc [&hellip;]<\/p>\n","protected":false},"author":1,"featured_media":0,"parent":0,"menu_order":0,"comment_status":"closed","ping_status":"closed","template":"","meta":{"_themeisle_gutenberg_block_has_review":false,"footnotes":""},"class_list":["post-2","page","type-page","status-publish","hentry"],"_links":{"self":[{"href":"https:\/\/chateausainteanne.com\/index.php?rest_route=\/wp\/v2\/pages\/2","targetHints":{"allow":["GET"]}}],"collection":[{"href":"https:\/\/chateausainteanne.com\/index.php?rest_route=\/wp\/v2\/pages"}],"about":[{"href":"https:\/\/chateausainteanne.com\/index.php?rest_route=\/wp\/v2\/types\/page"}],"author":[{"embeddable":true,"href":"https:\/\/chateausainteanne.com\/index.php?rest_route=\/wp\/v2\/users\/1"}],"replies":[{"embeddable":true,"href":"https:\/\/chateausainteanne.com\/index.php?rest_route=%2Fwp%2Fv2%2Fcomments&post=2"}],"version-history":[{"count":85,"href":"https:\/\/chateausainteanne.com\/index.php?rest_route=\/wp\/v2\/pages\/2\/revisions"}],"predecessor-version":[{"id":149,"href":"https:\/\/chateausainteanne.com\/index.php?rest_route=\/wp\/v2\/pages\/2\/revisions\/149"}],"wp:attachment":[{"href":"https:\/\/chateausainteanne.com\/index.php?rest_route=%2Fwp%2Fv2%2Fmedia&parent=2"}],"curies":[{"name":"wp","href":"https:\/\/api.w.org\/{rel}","templated":true}]}}